{"id":187,"date":"2017-01-05T13:02:14","date_gmt":"2017-01-05T13:02:14","guid":{"rendered":"http:\/\/dixon.themerex.net\/?page_id=187"},"modified":"2019-12-10T19:51:19","modified_gmt":"2019-12-10T18:51:19","slug":"our-services","status":"publish","type":"page","link":"https:\/\/odbmd.hr\/index.php\/our-services\/","title":{"rendered":"Our Services"},"content":{"rendered":"<p>[vc_row][vc_column][vc_empty_space height=&#8221;1.525rem&#8221; alter_height=&#8221;none&#8221; hide_on_mobile=&#8221;&#8221;][vc_empty_space height=&#8221;&#8221; alter_height=&#8221;medium&#8221; hide_on_mobile=&#8221;&#8221;]<div id=\"sc_title_974235339\"\n\t\tclass=\"sc_title sc_title_shadow sc_align_center\"><div >\n<h3 class=\"sc_item_title sc_title_title sc_align_center sc_item_title_style_shadow\">Na\u0161e usluge<\/h3><\/div>\n<div class=\"sc_item_descr sc_title_descr sc_align_center\">Stru\u010dnost i raznolikost iskustva svakog odvjetnika u Dru\u0161tvu rezultira osiguravanjem usluge u svim podru\u010djima prava, kao i individualan pristup svakoj stranci te potpunu profesionalnu koncentraciju svakom predmetu.<br \/>\nKonstantnim usavr\u0161avanjem i daljnjim ulaganjem u znanje razvijamo se u svim relevantnim pravnim podru\u010djima kako bismo i nadalje mogli ponuditi jedinstvenu i potpunu uslugu svakoj stranci.<\/div><\/div><!-- \/.sc_title -->[vc_empty_space height=&#8221;0.625rem&#8221; alter_height=&#8221;none&#8221; hide_on_mobile=&#8221;&#8221;][vc_empty_space height=&#8221;&#8221; alter_height=&#8221;small&#8221; hide_on_mobile=&#8221;&#8221;][vc_empty_space height=&#8221;&#8221; alter_height=&#8221;medium&#8221; hide_on_mobile=&#8221;&#8221;][\/vc_column][\/vc_row][vc_row el_class=&#8221;responsive_480&#8243;][vc_column]<div class=\"sc_services sc_services_default\" data-slides-per-view=\"4\" data-slides-min-width=\"200\"\t\t>\n\t\t<div >\n<\/div>\n<div class=\"sc_services_columns sc_item_columns sc_item_columns_4 trx_addons_columns_wrap columns_padding_bottom\"><div class=\"trx_addons_column-1_4\"><div class=\"sc_services_item with_content with_image sc_services_item_featured_top\">\n\t\t<div class=\"sc_services_item_info\">\n\t\t<div class=\"sc_services_item_header\">\n\t\t\t<h4 class=\"sc_services_item_title\"><a href=\"https:\/\/odbmd.hr\/index.php\/services\/trgovacko-pravo\/\">Trgova\u010dko pravo<\/a><\/h4>\n\t\t\t<div class=\"sc_services_item_subtitle\"><a href=\"https:\/\/odbmd.hr\/index.php\/services_group\/our-services\/\" title=\"View all posts in Our Services\">Our Services<\/a><\/div>\n\t\t<\/div>\n\t\t\t\t\t<div class=\"sc_services_item_content\"><p>Saznajte vi\u0161e<\/p>\n<\/div>\n\t\t\t<div class=\"sc_services_item_button sc_item_button\"><a href=\"https:\/\/odbmd.hr\/index.php\/services\/trgovacko-pravo\/\" class=\"sc_button sc_button_default sc_button_size_normal\">saznaj vi\u0161e<\/a><\/div>\n\t\t\t<\/div>\n<\/div>\n<\/div><div class=\"trx_addons_column-1_4\"><div class=\"sc_services_item with_content with_image sc_services_item_featured_top\">\n\t\t<div class=\"sc_services_item_info\">\n\t\t<div class=\"sc_services_item_header\">\n\t\t\t<h4 class=\"sc_services_item_title\"><a href=\"https:\/\/odbmd.hr\/index.php\/services\/obiteljsko-pravo\/\">Obiteljsko pravo<\/a><\/h4>\n\t\t\t<div class=\"sc_services_item_subtitle\"><a href=\"https:\/\/odbmd.hr\/index.php\/services_group\/our-services\/\" title=\"View all posts in Our Services\">Our Services<\/a><\/div>\n\t\t<\/div>\n\t\t\t\t\t<div class=\"sc_services_item_content\"><p>Saznajte vi\u0161e<\/p>\n<\/div>\n\t\t\t<div class=\"sc_services_item_button sc_item_button\"><a href=\"https:\/\/odbmd.hr\/index.php\/services\/obiteljsko-pravo\/\" class=\"sc_button sc_button_default sc_button_size_normal\">saznaj vi\u0161e<\/a><\/div>\n\t\t\t<\/div>\n<\/div>\n<\/div><div class=\"trx_addons_column-1_4\"><div class=\"sc_services_item with_content with_image sc_services_item_featured_top\">\n\t\t<div class=\"sc_services_item_info\">\n\t\t<div class=\"sc_services_item_header\">\n\t\t\t<h4 class=\"sc_services_item_title\"><a href=\"https:\/\/odbmd.hr\/index.php\/services\/ovrsno-pravo\/\">Ovr\u0161no pravo<\/a><\/h4>\n\t\t\t<div class=\"sc_services_item_subtitle\"><a href=\"https:\/\/odbmd.hr\/index.php\/services_group\/our-services\/\" title=\"View all posts in Our Services\">Our Services<\/a><\/div>\n\t\t<\/div>\n\t\t\t\t\t<div class=\"sc_services_item_content\"><p>Saznajte vi\u0161e<\/p>\n<\/div>\n\t\t\t<div class=\"sc_services_item_button sc_item_button\"><a href=\"https:\/\/odbmd.hr\/index.php\/services\/ovrsno-pravo\/\" class=\"sc_button sc_button_default sc_button_size_normal\">saznaj vi\u0161e<\/a><\/div>\n\t\t\t<\/div>\n<\/div>\n<\/div><div class=\"trx_addons_column-1_4\"><div class=\"sc_services_item with_content with_image sc_services_item_featured_top\">\n\t\t<div class=\"sc_services_item_info\">\n\t\t<div class=\"sc_services_item_header\">\n\t\t\t<h4 class=\"sc_services_item_title\"><a href=\"https:\/\/odbmd.hr\/index.php\/services\/radno-pravo\/\">Radno pravo<\/a><\/h4>\n\t\t\t<div class=\"sc_services_item_subtitle\"><a href=\"https:\/\/odbmd.hr\/index.php\/services_group\/our-services\/\" title=\"View all posts in Our Services\">Our Services<\/a><\/div>\n\t\t<\/div>\n\t\t\t\t\t<div class=\"sc_services_item_content\"><p>Saznajte vi\u0161e<\/p>\n<\/div>\n\t\t\t<div class=\"sc_services_item_button sc_item_button\"><a href=\"https:\/\/odbmd.hr\/index.php\/services\/radno-pravo\/\" class=\"sc_button sc_button_default sc_button_size_normal\">saznaj vi\u0161e<\/a><\/div>\n\t\t\t<\/div>\n<\/div>\n<\/div><div class=\"trx_addons_column-1_4\"><div class=\"sc_services_item with_content with_image sc_services_item_featured_top\">\n\t\t<div class=\"sc_services_item_info\">\n\t\t<div class=\"sc_services_item_header\">\n\t\t\t<h4 class=\"sc_services_item_title\"><a href=\"https:\/\/odbmd.hr\/index.php\/services\/stvarno-i-zemljoknjizno-pravo\/\">Stvarno pravo<\/a><\/h4>\n\t\t\t<div class=\"sc_services_item_subtitle\"><a href=\"https:\/\/odbmd.hr\/index.php\/services_group\/our-services\/\" title=\"View all posts in Our Services\">Our Services<\/a><\/div>\n\t\t<\/div>\n\t\t\t\t\t<div class=\"sc_services_item_content\"><p>Saznaj vi\u0161e<\/p>\n<\/div>\n\t\t\t<div class=\"sc_services_item_button sc_item_button\"><a href=\"https:\/\/odbmd.hr\/index.php\/services\/stvarno-i-zemljoknjizno-pravo\/\" class=\"sc_button sc_button_default sc_button_size_normal\">saznaj vi\u0161e<\/a><\/div>\n\t\t\t<\/div>\n<\/div>\n<\/div><div class=\"trx_addons_column-1_4\"><div class=\"sc_services_item with_content with_image sc_services_item_featured_top\">\n\t\t<div class=\"sc_services_item_info\">\n\t\t<div class=\"sc_services_item_header\">\n\t\t\t<h4 class=\"sc_services_item_title\"><a href=\"https:\/\/odbmd.hr\/index.php\/services\/kazneno-i-prekrsajno-pravo\/\">Kazneno pravo<\/a><\/h4>\n\t\t\t<div class=\"sc_services_item_subtitle\"><a href=\"https:\/\/odbmd.hr\/index.php\/services_group\/our-services\/\" title=\"View all posts in Our Services\">Our Services<\/a><\/div>\n\t\t<\/div>\n\t\t\t\t\t<div class=\"sc_services_item_content\"><p>Pellentesque habitant morbi tristique<\/p>\n<\/div>\n\t\t\t<div class=\"sc_services_item_button sc_item_button\"><a href=\"https:\/\/odbmd.hr\/index.php\/services\/kazneno-i-prekrsajno-pravo\/\" class=\"sc_button sc_button_default sc_button_size_normal\">saznaj vi\u0161e<\/a><\/div>\n\t\t\t<\/div>\n<\/div>\n<\/div><div class=\"trx_addons_column-1_4\"><div class=\"sc_services_item with_content with_image sc_services_item_featured_top\">\n\t\t<div class=\"sc_services_item_info\">\n\t\t<div class=\"sc_services_item_header\">\n\t\t\t<h4 class=\"sc_services_item_title\"><a href=\"https:\/\/odbmd.hr\/index.php\/services\/naknada-stete\/\">Naknada \u0161tete<\/a><\/h4>\n\t\t\t<div class=\"sc_services_item_subtitle\"><a href=\"https:\/\/odbmd.hr\/index.php\/services_group\/our-services\/\" title=\"View all posts in Our Services\">Our Services<\/a><\/div>\n\t\t<\/div>\n\t\t\t\t\t<div class=\"sc_services_item_content\"><p>Saznajte vi\u0161e<\/p>\n<\/div>\n\t\t\t<div class=\"sc_services_item_button sc_item_button\"><a href=\"https:\/\/odbmd.hr\/index.php\/services\/naknada-stete\/\" class=\"sc_button sc_button_default sc_button_size_normal\">saznaj vi\u0161e<\/a><\/div>\n\t\t\t<\/div>\n<\/div>\n<\/div><div class=\"trx_addons_column-1_4\"><div class=\"sc_services_item with_content with_image sc_services_item_featured_top\">\n\t\t<div class=\"sc_services_item_info\">\n\t\t<div class=\"sc_services_item_header\">\n\t\t\t<h4 class=\"sc_services_item_title\"><a href=\"https:\/\/odbmd.hr\/index.php\/services\/zastita-osobnih-podataka-gdpr\/\">Za\u0161tita podataka<\/a><\/h4>\n\t\t\t<div class=\"sc_services_item_subtitle\"><a href=\"https:\/\/odbmd.hr\/index.php\/services_group\/our-services\/\" title=\"View all posts in Our Services\">Our Services<\/a><\/div>\n\t\t<\/div>\n\t\t\t\t\t<div class=\"sc_services_item_content\"><p>Saznajte vi\u0161e<\/p>\n<\/div>\n\t\t\t<div class=\"sc_services_item_button sc_item_button\"><a href=\"https:\/\/odbmd.hr\/index.php\/services\/zastita-osobnih-podataka-gdpr\/\" class=\"sc_button sc_button_default sc_button_size_normal\">saznaj vi\u0161e<\/a><\/div>\n\t\t\t<\/div>\n<\/div>\n<\/div><div class=\"trx_addons_column-1_4\"><div class=\"sc_services_item with_content with_image sc_services_item_featured_top\">\n\t\t<div class=\"sc_services_item_info\">\n\t\t<div class=\"sc_services_item_header\">\n\t\t\t<h4 class=\"sc_services_item_title\"><a href=\"https:\/\/odbmd.hr\/index.php\/services\/autorsko-pravo\/\">Autorsko pravo<\/a><\/h4>\n\t\t\t<div class=\"sc_services_item_subtitle\"><a href=\"https:\/\/odbmd.hr\/index.php\/services_group\/our-services\/\" title=\"View all posts in Our Services\">Our Services<\/a><\/div>\n\t\t<\/div>\n\t\t\t\t\t<div class=\"sc_services_item_content\"><p>Saznajte vi\u0161e<\/p>\n<\/div>\n\t\t\t<div class=\"sc_services_item_button sc_item_button\"><a href=\"https:\/\/odbmd.hr\/index.php\/services\/autorsko-pravo\/\" class=\"sc_button sc_button_default sc_button_size_normal\">saznaj vi\u0161e<\/a><\/div>\n\t\t\t<\/div>\n<\/div>\n<\/div><div class=\"trx_addons_column-1_4\"><div class=\"sc_services_item with_content with_image sc_services_item_featured_top\">\n\t\t\t<div class=\" post_featured_bg dixon_inline_1075908589\"><\/div>\n\t\t\t<div class=\"sc_services_item_info\">\n\t\t<div class=\"sc_services_item_header\">\n\t\t\t<h4 class=\"sc_services_item_title\"><a href=\"https:\/\/odbmd.hr\/index.php\/services\/intelektualno-vlasnistvo\/\">Intelektualno vlasni\u0161tvo<\/a><\/h4>\n\t\t\t<div class=\"sc_services_item_subtitle\"><a href=\"https:\/\/odbmd.hr\/index.php\/services_group\/our-services\/\" title=\"View all posts in Our Services\">Our Services<\/a><\/div>\n\t\t<\/div>\n\t\t\t\t\t<div class=\"sc_services_item_content\"><p>Saznajte vi\u0161e<\/p>\n<\/div>\n\t\t\t<div class=\"sc_services_item_button sc_item_button\"><a href=\"https:\/\/odbmd.hr\/index.php\/services\/intelektualno-vlasnistvo\/\" class=\"sc_button sc_button_default sc_button_size_normal\">saznaj vi\u0161e<\/a><\/div>\n\t\t\t<\/div>\n<\/div>\n<\/div><div class=\"trx_addons_column-1_4\"><div class=\"sc_services_item with_content with_image sc_services_item_featured_top\">\n\t\t\t<div class=\" post_featured_bg dixon_inline_1910877253\"><\/div>\n\t\t\t<div class=\"sc_services_item_info\">\n\t\t<div class=\"sc_services_item_header\">\n\t\t\t<h4 class=\"sc_services_item_title\"><a href=\"https:\/\/odbmd.hr\/index.php\/services\/porezno-pravo\/\">Porezno pravo<\/a><\/h4>\n\t\t\t<div class=\"sc_services_item_subtitle\"><a href=\"https:\/\/odbmd.hr\/index.php\/services_group\/our-services\/\" title=\"View all posts in Our Services\">Our Services<\/a><\/div>\n\t\t<\/div>\n\t\t\t\t\t<div class=\"sc_services_item_content\"><p>Saznajte vi\u0161e<\/p>\n<\/div>\n\t\t\t<div class=\"sc_services_item_button sc_item_button\"><a href=\"https:\/\/odbmd.hr\/index.php\/services\/porezno-pravo\/\" class=\"sc_button sc_button_default sc_button_size_normal\">saznaj vi\u0161e<\/a><\/div>\n\t\t\t<\/div>\n<\/div>\n<\/div><div class=\"trx_addons_column-1_4\"><div class=\"sc_services_item with_content with_image sc_services_item_featured_top\">\n\t\t\t<div class=\" post_featured_bg dixon_inline_1438568133\"><\/div>\n\t\t\t<div class=\"sc_services_item_info\">\n\t\t<div class=\"sc_services_item_header\">\n\t\t\t<h4 class=\"sc_services_item_title\"><a href=\"https:\/\/odbmd.hr\/index.php\/services\/upravno-pravo\/\">Upravno pravo<\/a><\/h4>\n\t\t\t<div class=\"sc_services_item_subtitle\"><a href=\"https:\/\/odbmd.hr\/index.php\/services_group\/our-services\/\" title=\"View all posts in Our Services\">Our Services<\/a><\/div>\n\t\t<\/div>\n\t\t\t\t\t<div class=\"sc_services_item_content\"><p>Saznajte vi\u0161e<\/p>\n<\/div>\n\t\t\t<div class=\"sc_services_item_button sc_item_button\"><a href=\"https:\/\/odbmd.hr\/index.php\/services\/upravno-pravo\/\" class=\"sc_button sc_button_default sc_button_size_normal\">saznaj vi\u0161e<\/a><\/div>\n\t\t\t<\/div>\n<\/div>\n<\/div><\/div><\/div><!-- \/.sc_services -->[\/vc_column][\/vc_row]<\/p>\n","protected":false},"excerpt":{"rendered":"<p>[vc_row][vc_column][vc_empty_space height=&#8221;1.525rem&#8221; alter_height=&#8221;none&#8221; hide_on_mobile=&#8221;&#8221;][vc_empty_space height=&#8221;&#8221; alter_height=&#8221;medium&#8221; hide_on_mobile=&#8221;&#8221;][vc_empty_space height=&#8221;0.625rem&#8221; alter_height=&#8221;none&#8221; hide_on_mobile=&#8221;&#8221;][vc_empty_space height=&#8221;&#8221; alter_height=&#8221;small&#8221; hide_on_mobile=&#8221;&#8221;][vc_empty_space height=&#8221;&#8221; alter_height=&#8221;medium&#8221; hide_on_mobile=&#8221;&#8221;][\/vc_column][\/vc_row][vc_row el_class=&#8221;responsive_480&#8243;][vc_column][\/vc_column][\/vc_row]<\/p>\n","protected":false},"author":1,"featured_media":0,"parent":0,"menu_order":0,"comment_status":"closed","ping_status":"closed","template":"","meta":{"footnotes":""},"class_list":["post-187","page","type-page","status-publish","hentry"],"_links":{"self":[{"href":"https:\/\/odbmd.hr\/index.php\/wp-json\/wp\/v2\/pages\/187","targetHints":{"allow":["GET"]}}],"collection":[{"href":"https:\/\/odbmd.hr\/index.php\/wp-json\/wp\/v2\/pages"}],"about":[{"href":"https:\/\/odbmd.hr\/index.php\/wp-json\/wp\/v2\/types\/page"}],"author":[{"embeddable":true,"href":"https:\/\/odbmd.hr\/index.php\/wp-json\/wp\/v2\/users\/1"}],"replies":[{"embeddable":true,"href":"https:\/\/odbmd.hr\/index.php\/wp-json\/wp\/v2\/comments?post=187"}],"version-history":[{"count":4,"href":"https:\/\/odbmd.hr\/index.php\/wp-json\/wp\/v2\/pages\/187\/revisions"}],"predecessor-version":[{"id":847,"href":"https:\/\/odbmd.hr\/index.php\/wp-json\/wp\/v2\/pages\/187\/revisions\/847"}],"wp:attachment":[{"href":"https:\/\/odbmd.hr\/index.php\/wp-json\/wp\/v2\/media?parent=187"}],"curies":[{"name":"wp","href":"https:\/\/api.w.org\/{rel}","templated":true}]}}